{"id":6,"date":"2022-07-21T08:51:47","date_gmt":"2022-07-21T08:51:47","guid":{"rendered":"https:\/\/robot.paythunder.com\/?page_id=6"},"modified":"2022-07-26T09:46:59","modified_gmt":"2022-07-26T09:46:59","slug":"pagina-de-inicio","status":"publish","type":"page","link":"https:\/\/robot.paythunder.com\/","title":{"rendered":"Inicio"},"content":{"rendered":"<div  data-label=\"video\" data-id=\"content--1\" data-export-id=\"content-10\" data-category=\"content\" class=\"content-10 content-section content-section-spacing content-relative\" id=\"video\" style=\"background-color: rgb(175, 220, 255); background-image: none;\"><div  class=\"section-separator-top\">\n    <svg  xmlns=\"http:\/\/www.w3.org\/2000\/svg\" viewBox=\"0 0 1000 100\" preserveAspectRatio=\"none\" data-separator-name=\"mountains\" class=\"section-separator-top\">\n\t<path  class=\"svg-white-bg\" opacity=\"0.33\" d=\"M473,67.3c-203.9,88.3-263.1-34-320.3,0C66,119.1,0,59.7,0,59.7V0h1000v59.7 c0,0-62.1,26.1-94.9,29.3c-32.8,3.3-62.8-12.3-75.8-22.1C806,49.6,745.3,8.7,694.9,4.7S492.4,59,473,67.3z\"><\/path>\n\t<path  class=\"svg-white-bg\" opacity=\"0.66\" d=\"M734,67.3c-45.5,0-77.2-23.2-129.1-39.1c-28.6-8.7-150.3-10.1-254,39.1 s-91.7-34.4-149.2,0C115.7,118.3,0,39.8,0,39.8V0h1000v36.5c0,0-28.2-18.5-92.1-18.5C810.2,18.1,775.7,67.3,734,67.3z\"><\/path>\n\t<path  class=\"svg-white-bg\" d=\"M766.1,28.9c-200-57.5-266,65.5-395.1,19.5C242,1.8,242,5.4,184.8,20.6C128,35.8,132.3,44.9,89.9,52.5C28.6,63.7,0,0,0,0 h1000c0,0-9.9,40.9-83.6,48.1S829.6,47,766.1,28.9z\"><\/path>\n<\/svg>\n<\/div><div  class=\"gridContainer\"> <div  class=\"row middle-sm\"><div  class=\"col-sm-6 center-xs middle-xs space-bottom-xs\"> <div  class=\"lightbox-video lightbox-video-tall dark-overlay shadow-large flexbox middle-xs center-xs\" data-type=\"group\" data-bg=\"image\" style=\"background-image: url(&quot;https:\/\/robot.paythunder.com\/wp-content\/uploads\/2022\/07\/cropped-Screenshot_1.jpg&quot;);\"> <a  data-fancybox=\"\" data-video-lightbox=\"true\" href=\"https:\/\/www.youtube.com\/watch?v=Lhk3CXBh17Y&amp;ab_channel=PayThunder\" class=\"\"> <i  data-cp-fa=\"true\" class=\"fa video-icon fa-play-circle-o color-white\"><\/i><\/a> <\/div><\/div> <div  class=\"col-sm-6 space-bottom-xs\" data-type=\"column\"><h2  class=\"\"><span  style=\"font-family: &quot;Open Sans&quot;, arial, helvetica, sans-serif;\">Reconoce tu voz y escucha tus \u00f3rdenes<\/span><\/h2> <p  class=\"\" style=\"text-align: justify;\"><span  style=\"color: rgb(52, 58, 64); font-family: &quot;Open Sans&quot;, arial, helvetica, sans-serif;\">El robot PayThunder reconocer\u00e1 la orden y te seguir\u00e1 gracias a sus neum\u00e1ticos altamente resistentes puede circular por carretera y por terrenos irregulares.\n<\/span><br >\n<br ><span  style=\"color: rgb(60, 66, 79);\">Este adem\u00e1s incorpora un asistente que interaccionar\u00e1 con el usuario en todo momento.<\/span><br ><br ><span  style=\"color: rgb(52, 58, 64); font-family: &quot;Open Sans&quot;, arial, helvetica, sans-serif;\">Conoce m\u00e1s sobre el Robot PayThunder en el siguiente v\u00eddeo.<\/span><\/p> <\/div> <\/div><\/div> <div  class=\"section-separator-bottom\">\n    <svg  xmlns=\"http:\/\/www.w3.org\/2000\/svg\" viewBox=\"0 0 1000 100\" preserveAspectRatio=\"none\" data-separator-name=\"mountains\" class=\"section-separator-top section-separator-bottom\">\n\t<path  class=\"svg-white-bg\" opacity=\"0.33\" d=\"M473,67.3c-203.9,88.3-263.1-34-320.3,0C66,119.1,0,59.7,0,59.7V0h1000v59.7 c0,0-62.1,26.1-94.9,29.3c-32.8,3.3-62.8-12.3-75.8-22.1C806,49.6,745.3,8.7,694.9,4.7S492.4,59,473,67.3z\"><\/path>\n\t<path  class=\"svg-white-bg\" opacity=\"0.66\" d=\"M734,67.3c-45.5,0-77.2-23.2-129.1-39.1c-28.6-8.7-150.3-10.1-254,39.1 s-91.7-34.4-149.2,0C115.7,118.3,0,39.8,0,39.8V0h1000v36.5c0,0-28.2-18.5-92.1-18.5C810.2,18.1,775.7,67.3,734,67.3z\"><\/path>\n\t<path  class=\"svg-white-bg\" d=\"M766.1,28.9c-200-57.5-266,65.5-395.1,19.5C242,1.8,242,5.4,184.8,20.6C128,35.8,132.3,44.9,89.9,52.5C28.6,63.7,0,0,0,0 h1000c0,0-9.9,40.9-83.6,48.1S829.6,47,766.1,28.9z\"><\/path>\n<\/svg>\n<\/div><\/div><div  data-label=\"movilidad\" data-id=\"content--2\" data-export-id=\"content-16\" data-category=\"content\" class=\"content-16 content-section content-section-spacing\" id=\"movilidad\" style=\"background-color: rgb(255, 255, 255);\" data-section-ov=\"1\"><div  class=\"gridContainer\"> <div  class=\"row middle-sm\"><div  class=\"col-sm-6 space-bottom-xs\" data-type=\"column\"> <h2  class=\"\" style=\"text-align: right;\"><span  style=\"font-family: &quot;Open Sans&quot;, arial, helvetica, sans-serif; color: rgb(107, 124, 147);\">Mu\u00e9vete donde quieras<\/span><\/h2> <p  class=\"\" style=\"text-align: right;\">Este peque\u00f1o robot ser\u00e1 tu compa\u00f1ero adem\u00e1s de tu transporte, este mini compa\u00f1ero alcanza los 18km\/h en modo auto equilibrado y 8km\/h en seguimiento.<\/p> <\/div> <div  class=\"col-sm-6 flexbox around-xs top-xs space-top-xs space-bottom-xs\"><div  class=\"overlay-box flexbox middle-xs center-xs overlay-holder\"> <div  class=\"overlay-box-offset shadow-medium border-color2 hide-xs offset-background\"><\/div> <img decoding=\"async\"  class=\"flexbox shadow-large img1\" data-size=\"500x500\" src=\"https:\/\/robot.paythunder.com\/wp-content\/uploads\/2022\/07\/cropped-cropped-Screenshot_2.jpg\" title=\"cropped-cropped-Screenshot_2.jpg\" alt=\"\"><\/div> <\/div><\/div> <\/div><\/div><div  data-label=\"caracteristicas\" data-id=\"features--1\" data-export-id=\"features-12\" data-category=\"features\" class=\"features-12 content-section content-section-spacing content-relative\" id=\"caracteristicas\" style=\"background-color: rgb(249, 249, 249); background-image: none;\"><div  class=\"section-separator-top\">\n    <svg  xmlns=\"http:\/\/www.w3.org\/2000\/svg\" viewBox=\"0 0 2600 131.1\" preserveAspectRatio=\"none\" data-separator-name=\"opacity-tilt\" class=\"section-separator-top\">\n\t<path  class=\"svg-white-bg\" d=\"M0 0L2600 0 2600 69.1 0 0z\"><\/path>\n\t<path  class=\"svg-white-bg\" style=\"opacity: 0.5;\" d=\"M0 0L2600 0 2600 69.1 0 69.1z\"><\/path>\n\t<path  class=\"svg-white-bg\" style=\"opacity: 0.25;\" d=\"M2600 0L0 0 0 130.1 2600 69.1z\"><\/path>\n<\/svg>\n<\/div><div  class=\"gridContainer\"> <div  class=\"row text-center\"><div  class=\"section-title-col\" data-type=\"column\">  <\/div> <\/div> <div  class=\"row spaced-cols\" data-type=\"row\"> <div  class=\"col-sm-6\"> <div  class=\"row space-bottom\"> <div  class=\"col-sm-fit icon-column\"> <i  class=\"fa icon fa-battery-full small color6\"><\/i> <\/div> <div  class=\"col-sm\" data-type=\"column\"> <h5  class=\"color2\"><span  style=\"color: rgb(0, 0, 0); font-family: &quot;Open Sans&quot;, arial, helvetica, sans-serif;\">Gran autonom\u00eda<\/span><\/h5> <p  class=\"\">Tiene una autonom\u00eda de hasta 35km de transporte.<\/p><\/div> <\/div><\/div> <div  class=\"col-sm-6\"><div  class=\"row space-bottom\"> <div  class=\"col-sm-fit icon-column\"><i  class=\"fa icon fa-bolt small color6\"><\/i><\/div> <div  class=\"col-sm\" data-type=\"column\"><h5  class=\"color2\"><span  style=\"color: rgb(0, 0, 0); font-family: &quot;Open Sans&quot;, arial, helvetica, sans-serif;\">Multifunci\u00f3n<\/span><\/h5> <p  class=\"\">Posibilidad de equipar medios de pago.<\/p><\/div> <\/div><\/div> <div  class=\"col-sm-6\"><div  class=\"row space-bottom\"> <div  class=\"col-sm-fit icon-column\"><i  class=\"fa icon fa-camera small color6\"><\/i><\/div> <div  class=\"col-sm\" data-type=\"column\"><h5  class=\"color2\"><span  style=\"color: rgb(0, 0, 0); font-family: &quot;Open Sans&quot;, arial, helvetica, sans-serif;\">Visi\u00f3n mejorada<\/span><\/h5> <p  class=\"\"><span  id=\"docs-internal-guid-0c151757-7fff-58b0-dd86-7027e9f2a6dd\" style=\"font-family: &quot;Open Sans&quot;, arial, helvetica, sans-serif; color: rgb(107, 124, 147);\"><span  style=\"font-size: 11pt; background-color: transparent; font-variant-numeric: normal; font-variant-east-asian: normal; vertical-align: baseline; white-space: pre-wrap;\">C\u00e1mara Intel RealSense ZR300.<\/span><\/span><\/p><\/div> <\/div><\/div> <div  class=\"col-sm-6\"><div  class=\"row space-bottom\"> <div  class=\"col-sm-fit icon-column\"><a data-cp-link=\"1\" href=\"#\" target=\"_self\" rel=\"noopener\"><i  class=\"fa icon fa-cloud small color-black\"><\/i><\/a><\/div> <div  class=\"col-sm\" data-type=\"column\"><h5  class=\"color2\"><span  style=\"color: rgb(52, 58, 64); font-family: &quot;Open Sans&quot;, arial, helvetica, sans-serif;\">Protecci\u00f3n contra l\u00edquidos<\/span><\/h5> <p  class=\"\">Protecci\u00f3n clasificada IPX4.<\/p><\/div> <\/div><\/div> <div  class=\"col-sm-6\"> <div  class=\"row space-bottom\"> <div  class=\"col-sm-fit icon-column\"> <i  class=\"fa icon fa-car small color6\"><\/i> <\/div> <div  class=\"col-sm\" data-type=\"column\"> <h5  class=\"color2\"><span  style=\"color: rgb(0, 0, 0); font-family: &quot;Open Sans&quot;, arial, helvetica, sans-serif;\">Velocidad m\u00e1xima<\/span><\/h5> <p  class=\"\">Velocidad hasta 18 km\/h en modo auto equilibrado y 8 km\/h en el modo seguimiento.<\/p><\/div> <\/div><\/div><div  class=\"col-sm-6\"> <div  class=\"row space-bottom\"> <div  class=\"col-sm-fit icon-column\"> <i  class=\"fa icon fa-battery-full small color6\"><\/i> <\/div> <div  class=\"col-sm\" data-type=\"column\"> <h5  class=\"color2\"><span  style=\"color: rgb(0, 0, 0); font-family: &quot;Open Sans&quot;, arial, helvetica, sans-serif;\">Totalmente equipado<\/span><\/h5> <p  class=\"\">Pantalla t\u00e1ctil, puertos de expansi\u00f3n, micr\u00f3fono, etc.<\/p><\/div> <\/div><\/div><\/div><\/div> <div  class=\"section-separator-bottom\">\n    <svg  xmlns=\"http:\/\/www.w3.org\/2000\/svg\" viewBox=\"0 0 1000 100\" preserveAspectRatio=\"none\" data-separator-name=\"tilt\" class=\"section-separator-bottom\">\n\t<path  class=\"svg-white-bg\" d=\"M-0 0L1000 0 1000 100z\"><\/path>\n<\/svg>\n<\/div><\/div><div  data-label=\"Cta\" data-id=\"cta--1\" data-export-id=\"cta-centered-bg-section\" data-category=\"cta\" data-section-ov=\"1\" class=\"cta-centered-bg-section content-section content-section-spacing-medium white-text\" data-parallax-depth=\"20\" id=\"cta-1\" style=\"background-color: rgb(255, 255, 255); background-image: none;\"><div  class=\"gridContainer\"> <div  class=\"row text-center\"><div  data-type=\"column\" class=\"\"> <h2  class=\"\"><span  style=\"font-family: &quot;Open Sans&quot;, arial, helvetica, sans-serif; font-weight: 400; color: rgb(60, 66, 79);\">\u00bfQuieres conocer m\u00e1s acerca de<\/span><br ><span  style=\"color: rgb(60, 66, 79);\"><font  color=\"#000000\" face=\"Open Sans, arial, helvetica, sans-serif\"><span  style=\"font-weight: 700;\">PayThunder Robot?<\/span><\/font><\/span><\/h2> <a class=\"button color6\" href=\"https:\/\/service.paythunder.com\/PTService\/clienteController\/mostrarTF?TF=g6h3DPY5&amp;rgpd=1\" target=\"_blank\" data-cp-link=\"1\" data-icon=\"\" rel=\"noopener\">Solicita informaci\u00f3n<\/a><\/div> <\/div><\/div> <\/div>","protected":false},"excerpt":{"rendered":"<p>Reconoce tu voz y escucha tus \u00f3rdenes El robot PayThunder reconocer\u00e1 la orden y te seguir\u00e1 gracias a sus neum\u00e1ticos altamente resistentes puede circular por carretera y por terrenos irregulares. Este adem\u00e1s incorpora un asistente que interaccionar\u00e1 con el usuario en todo momento.Conoce m\u00e1s sobre el Robot PayThunder en el siguiente v\u00eddeo. Mu\u00e9vete donde quieras&hellip; <br \/> <a class=\"read-more\" href=\"https:\/\/robot.paythunder.com\/\">Read more<\/a><\/p>\n","protected":false},"author":1,"featured_media":0,"parent":0,"menu_order":0,"comment_status":"closed","ping_status":"closed","template":"page-templates\/homepage.php","meta":{"footnotes":""},"class_list":["post-6","page","type-page","status-publish","hentry"],"yoast_head":"<!-- This site is optimized with the Yoast SEO plugin v19.3 - https:\/\/yoast.com\/wordpress\/plugins\/seo\/ -->\n<title>Inicio - Robot PayThunder<\/title>\n<meta name=\"description\" content=\"El robot m\u00e1s polivalente del mercado es capaz de hacer de gu\u00eda tur\u00edstico, transporta usuarios e incluso puede incorporar medios de pago.\" \/>\n<meta name=\"robots\" content=\"index, follow, max-snippet:-1, max-image-preview:large, max-video-preview:-1\" \/>\n<link rel=\"canonical\" href=\"https:\/\/robot.paythunder.com\/\" \/>\n<meta property=\"og:locale\" content=\"es_ES\" \/>\n<meta property=\"og:type\" content=\"article\" \/>\n<meta property=\"og:title\" content=\"Inicio - Robot PayThunder\" \/>\n<meta property=\"og:description\" content=\"El robot m\u00e1s polivalente del mercado es capaz de hacer de gu\u00eda tur\u00edstico, transporta usuarios e incluso puede incorporar medios de pago.\" \/>\n<meta property=\"og:url\" content=\"https:\/\/robot.paythunder.com\/\" \/>\n<meta property=\"og:site_name\" content=\"Robot PayThunder\" \/>\n<meta property=\"article:modified_time\" content=\"2022-07-26T09:46:59+00:00\" \/>\n<meta property=\"og:image\" content=\"https:\/\/robot.paythunder.com\/wp-content\/uploads\/2022\/07\/cropped-cropped-Screenshot_2.jpg\" \/>\n<meta name=\"twitter:card\" content=\"summary_large_image\" \/>\n<meta name=\"twitter:label1\" content=\"Tiempo de lectura\" \/>\n\t<meta name=\"twitter:data1\" content=\"1 minuto\" \/>\n<script type=\"application\/ld+json\" class=\"yoast-schema-graph\">{\"@context\":\"https:\/\/schema.org\",\"@graph\":[{\"@type\":\"Organization\",\"@id\":\"https:\/\/robot.paythunder.com\/#organization\",\"name\":\"Robot PayThunder\",\"url\":\"https:\/\/robot.paythunder.com\/\",\"sameAs\":[],\"logo\":{\"@type\":\"ImageObject\",\"inLanguage\":\"es\",\"@id\":\"https:\/\/robot.paythunder.com\/#\/schema\/logo\/image\/\",\"url\":\"https:\/\/robot.paythunder.com\/wp-content\/uploads\/2022\/07\/logo.png\",\"contentUrl\":\"https:\/\/robot.paythunder.com\/wp-content\/uploads\/2022\/07\/logo.png\",\"width\":733,\"height\":178,\"caption\":\"Robot PayThunder\"},\"image\":{\"@id\":\"https:\/\/robot.paythunder.com\/#\/schema\/logo\/image\/\"}},{\"@type\":\"WebSite\",\"@id\":\"https:\/\/robot.paythunder.com\/#website\",\"url\":\"https:\/\/robot.paythunder.com\/\",\"name\":\"Robot PayThunder\",\"description\":\"Gu\u00eda, transporta, vende.\",\"publisher\":{\"@id\":\"https:\/\/robot.paythunder.com\/#organization\"},\"potentialAction\":[{\"@type\":\"SearchAction\",\"target\":{\"@type\":\"EntryPoint\",\"urlTemplate\":\"https:\/\/robot.paythunder.com\/?s={search_term_string}\"},\"query-input\":\"required name=search_term_string\"}],\"inLanguage\":\"es\"},{\"@type\":\"ImageObject\",\"inLanguage\":\"es\",\"@id\":\"https:\/\/robot.paythunder.com\/#primaryimage\",\"url\":\"https:\/\/robot.paythunder.com\/wp-content\/uploads\/2022\/07\/cropped-cropped-Screenshot_2.jpg\",\"contentUrl\":\"https:\/\/robot.paythunder.com\/wp-content\/uploads\/2022\/07\/cropped-cropped-Screenshot_2.jpg\",\"width\":356,\"height\":346},{\"@type\":\"WebPage\",\"@id\":\"https:\/\/robot.paythunder.com\/\",\"url\":\"https:\/\/robot.paythunder.com\/\",\"name\":\"Inicio - Robot PayThunder\",\"isPartOf\":{\"@id\":\"https:\/\/robot.paythunder.com\/#website\"},\"primaryImageOfPage\":{\"@id\":\"https:\/\/robot.paythunder.com\/#primaryimage\"},\"datePublished\":\"2022-07-21T08:51:47+00:00\",\"dateModified\":\"2022-07-26T09:46:59+00:00\",\"description\":\"El robot m\u00e1s polivalente del mercado es capaz de hacer de gu\u00eda tur\u00edstico, transporta usuarios e incluso puede incorporar medios de pago.\",\"breadcrumb\":{\"@id\":\"https:\/\/robot.paythunder.com\/#breadcrumb\"},\"inLanguage\":\"es\",\"potentialAction\":[{\"@type\":\"ReadAction\",\"target\":[\"https:\/\/robot.paythunder.com\/\"]}]},{\"@type\":\"BreadcrumbList\",\"@id\":\"https:\/\/robot.paythunder.com\/#breadcrumb\",\"itemListElement\":[{\"@type\":\"ListItem\",\"position\":1,\"name\":\"Portada\",\"item\":\"https:\/\/robot.paythunder.com\/\"},{\"@type\":\"ListItem\",\"position\":2,\"name\":\"Inicio\"}]}]}<\/script>\n<!-- \/ Yoast SEO plugin. -->","yoast_head_json":{"title":"Inicio - Robot PayThunder","description":"El robot m\u00e1s polivalente del mercado es capaz de hacer de gu\u00eda tur\u00edstico, transporta usuarios e incluso puede incorporar medios de pago.","robots":{"index":"index","follow":"follow","max-snippet":"max-snippet:-1","max-image-preview":"max-image-preview:large","max-video-preview":"max-video-preview:-1"},"canonical":"https:\/\/robot.paythunder.com\/","og_locale":"es_ES","og_type":"article","og_title":"Inicio - Robot PayThunder","og_description":"El robot m\u00e1s polivalente del mercado es capaz de hacer de gu\u00eda tur\u00edstico, transporta usuarios e incluso puede incorporar medios de pago.","og_url":"https:\/\/robot.paythunder.com\/","og_site_name":"Robot PayThunder","article_modified_time":"2022-07-26T09:46:59+00:00","og_image":[{"url":"https:\/\/robot.paythunder.com\/wp-content\/uploads\/2022\/07\/cropped-cropped-Screenshot_2.jpg"}],"twitter_card":"summary_large_image","twitter_misc":{"Tiempo de lectura":"1 minuto"},"schema":{"@context":"https:\/\/schema.org","@graph":[{"@type":"Organization","@id":"https:\/\/robot.paythunder.com\/#organization","name":"Robot PayThunder","url":"https:\/\/robot.paythunder.com\/","sameAs":[],"logo":{"@type":"ImageObject","inLanguage":"es","@id":"https:\/\/robot.paythunder.com\/#\/schema\/logo\/image\/","url":"https:\/\/robot.paythunder.com\/wp-content\/uploads\/2022\/07\/logo.png","contentUrl":"https:\/\/robot.paythunder.com\/wp-content\/uploads\/2022\/07\/logo.png","width":733,"height":178,"caption":"Robot PayThunder"},"image":{"@id":"https:\/\/robot.paythunder.com\/#\/schema\/logo\/image\/"}},{"@type":"WebSite","@id":"https:\/\/robot.paythunder.com\/#website","url":"https:\/\/robot.paythunder.com\/","name":"Robot PayThunder","description":"Gu\u00eda, transporta, vende.","publisher":{"@id":"https:\/\/robot.paythunder.com\/#organization"},"potentialAction":[{"@type":"SearchAction","target":{"@type":"EntryPoint","urlTemplate":"https:\/\/robot.paythunder.com\/?s={search_term_string}"},"query-input":"required name=search_term_string"}],"inLanguage":"es"},{"@type":"ImageObject","inLanguage":"es","@id":"https:\/\/robot.paythunder.com\/#primaryimage","url":"https:\/\/robot.paythunder.com\/wp-content\/uploads\/2022\/07\/cropped-cropped-Screenshot_2.jpg","contentUrl":"https:\/\/robot.paythunder.com\/wp-content\/uploads\/2022\/07\/cropped-cropped-Screenshot_2.jpg","width":356,"height":346},{"@type":"WebPage","@id":"https:\/\/robot.paythunder.com\/","url":"https:\/\/robot.paythunder.com\/","name":"Inicio - Robot PayThunder","isPartOf":{"@id":"https:\/\/robot.paythunder.com\/#website"},"primaryImageOfPage":{"@id":"https:\/\/robot.paythunder.com\/#primaryimage"},"datePublished":"2022-07-21T08:51:47+00:00","dateModified":"2022-07-26T09:46:59+00:00","description":"El robot m\u00e1s polivalente del mercado es capaz de hacer de gu\u00eda tur\u00edstico, transporta usuarios e incluso puede incorporar medios de pago.","breadcrumb":{"@id":"https:\/\/robot.paythunder.com\/#breadcrumb"},"inLanguage":"es","potentialAction":[{"@type":"ReadAction","target":["https:\/\/robot.paythunder.com\/"]}]},{"@type":"BreadcrumbList","@id":"https:\/\/robot.paythunder.com\/#breadcrumb","itemListElement":[{"@type":"ListItem","position":1,"name":"Portada","item":"https:\/\/robot.paythunder.com\/"},{"@type":"ListItem","position":2,"name":"Inicio"}]}]}},"_links":{"self":[{"href":"https:\/\/robot.paythunder.com\/index.php?rest_route=\/wp\/v2\/pages\/6","targetHints":{"allow":["GET"]}}],"collection":[{"href":"https:\/\/robot.paythunder.com\/index.php?rest_route=\/wp\/v2\/pages"}],"about":[{"href":"https:\/\/robot.paythunder.com\/index.php?rest_route=\/wp\/v2\/types\/page"}],"author":[{"embeddable":true,"href":"https:\/\/robot.paythunder.com\/index.php?rest_route=\/wp\/v2\/users\/1"}],"replies":[{"embeddable":true,"href":"https:\/\/robot.paythunder.com\/index.php?rest_route=%2Fwp%2Fv2%2Fcomments&post=6"}],"version-history":[{"count":13,"href":"https:\/\/robot.paythunder.com\/index.php?rest_route=\/wp\/v2\/pages\/6\/revisions"}],"predecessor-version":[{"id":66,"href":"https:\/\/robot.paythunder.com\/index.php?rest_route=\/wp\/v2\/pages\/6\/revisions\/66"}],"wp:attachment":[{"href":"https:\/\/robot.paythunder.com\/index.php?rest_route=%2Fwp%2Fv2%2Fmedia&parent=6"}],"curies":[{"name":"wp","href":"https:\/\/api.w.org\/{rel}","templated":true}]}}